{"id":3513,"date":"2022-04-07T08:15:39","date_gmt":"2022-04-07T08:15:39","guid":{"rendered":"https:\/\/slomatex.com\/izdelek\/durkopp-adler-kl-261-140345-01\/"},"modified":"2024-03-21T14:04:32","modified_gmt":"2024-03-21T14:04:32","slug":"durkopp-adler-kl-261-140345-01","status":"publish","type":"product","link":"https:\/\/slomatex.com\/mk\/izdelek\/durkopp-adler-kl-261-140345-01\/","title":{"rendered":"D\u00fcrkopp Adler 261-140345-01"},"content":{"rendered":"<p>\u0160iva\u010da ma\u0161ina sa donjim transportom i kompletnom automatikom:<\/p>\n<ul>\n<li>kratko secanje konca<\/li>\n<li>automatski dvig stopice<\/li>\n<li>automatsko u\u010dvr\u0161\u010davanje<\/li>\n<li>vu\u010denje konca na po\u010detku \u0161ava dole<\/li>\n<li>integrirani DC mini elektromotor<\/li>\n<\/ul>\n","protected":false},"excerpt":{"rendered":"<p>\u0160iva\u010da ma\u0161ina sa donjim transportom<\/p>\n","protected":false},"featured_media":13991,"template":"","meta":{"_acf_changed":false,"_et_pb_use_builder":"","_et_pb_old_content":"","_et_gb_content_width":""},"product_brand":[],"product_cat":[896],"product_tag":[],"class_list":{"0":"post-3513","1":"product","2":"type-product","3":"status-publish","4":"has-post-thumbnail","6":"product_cat-posebna-ponudba-sivalnih-strojev-za-oblacilno-industrijo-mk","7":"pa_proizvajalec-durkopp-adler-mk-2","8":"pa_vrsta-stroja-1-ili-2-iglene-masine-sa-zrncastim-ubodom-i-donjim-transportom-mk","10":"first","11":"instock","12":"shipping-taxable","13":"purchasable","14":"product-type-simple","15":"berocket_lgv_grid","16":"berocket_lgv_list_grid"},"acf":[],"yoast_head":"<!-- This site is optimized with the Yoast SEO plugin v26.7 - https:\/\/yoast.com\/wordpress\/plugins\/seo\/ -->\n<title>D\u00fcrkopp Adler 261-140345-01 - Slomatex<\/title>\n<meta name=\"robots\" content=\"index, follow, max-snippet:-1, max-image-preview:large, max-video-preview:-1\" \/>\n<link rel=\"canonical\" href=\"https:\/\/slomatex.com\/mk\/izdelek\/durkopp-adler-kl-261-140345-01\/\" \/>\n<meta property=\"og:locale\" content=\"mk_MK\" \/>\n<meta property=\"og:type\" content=\"article\" \/>\n<meta property=\"og:title\" content=\"D\u00fcrkopp Adler 261-140345-01 - Slomatex\" \/>\n<meta property=\"og:description\" content=\"\u0160iva\u010da ma\u0161ina sa donjim transportom\" \/>\n<meta property=\"og:url\" content=\"https:\/\/slomatex.com\/mk\/izdelek\/durkopp-adler-kl-261-140345-01\/\" \/>\n<meta property=\"og:site_name\" content=\"Slomatex\" \/>\n<meta property=\"article:modified_time\" content=\"2024-03-21T14:04:32+00:00\" \/>\n<meta property=\"og:image\" content=\"https:\/\/slomatex.com\/wp-content\/uploads\/2022\/04\/Durkopp-Adler-Kl.-261-140345-01.jpg\" \/>\n\t<meta property=\"og:image:width\" content=\"363\" \/>\n\t<meta property=\"og:image:height\" content=\"242\" \/>\n\t<meta property=\"og:image:type\" content=\"image\/jpeg\" \/>\n<meta name=\"twitter:card\" content=\"summary_large_image\" \/>\n<script type=\"application\/ld+json\" class=\"yoast-schema-graph\">{\"@context\":\"https:\/\/schema.org\",\"@graph\":[{\"@type\":\"WebPage\",\"@id\":\"https:\/\/slomatex.com\/mk\/izdelek\/durkopp-adler-kl-261-140345-01\/\",\"url\":\"https:\/\/slomatex.com\/mk\/izdelek\/durkopp-adler-kl-261-140345-01\/\",\"name\":\"D\u00fcrkopp Adler 261-140345-01 - Slomatex\",\"isPartOf\":{\"@id\":\"https:\/\/slomatex.com\/mk\/#website\"},\"primaryImageOfPage\":{\"@id\":\"https:\/\/slomatex.com\/mk\/izdelek\/durkopp-adler-kl-261-140345-01\/#primaryimage\"},\"image\":{\"@id\":\"https:\/\/slomatex.com\/mk\/izdelek\/durkopp-adler-kl-261-140345-01\/#primaryimage\"},\"thumbnailUrl\":\"https:\/\/slomatex.com\/wp-content\/uploads\/2022\/04\/100.0-DA-261-140345-01.jpg\",\"datePublished\":\"2022-04-07T08:15:39+00:00\",\"dateModified\":\"2024-03-21T14:04:32+00:00\",\"breadcrumb\":{\"@id\":\"https:\/\/slomatex.com\/mk\/izdelek\/durkopp-adler-kl-261-140345-01\/#breadcrumb\"},\"inLanguage\":\"mk-MK\",\"potentialAction\":[{\"@type\":\"ReadAction\",\"target\":[\"https:\/\/slomatex.com\/mk\/izdelek\/durkopp-adler-kl-261-140345-01\/\"]}]},{\"@type\":\"ImageObject\",\"inLanguage\":\"mk-MK\",\"@id\":\"https:\/\/slomatex.com\/mk\/izdelek\/durkopp-adler-kl-261-140345-01\/#primaryimage\",\"url\":\"https:\/\/slomatex.com\/wp-content\/uploads\/2022\/04\/100.0-DA-261-140345-01.jpg\",\"contentUrl\":\"https:\/\/slomatex.com\/wp-content\/uploads\/2022\/04\/100.0-DA-261-140345-01.jpg\",\"width\":900,\"height\":675},{\"@type\":\"BreadcrumbList\",\"@id\":\"https:\/\/slomatex.com\/mk\/izdelek\/durkopp-adler-kl-261-140345-01\/#breadcrumb\",\"itemListElement\":[{\"@type\":\"ListItem\",\"position\":1,\"name\":\"Home\",\"item\":\"https:\/\/slomatex.com\/mk\/\"},{\"@type\":\"ListItem\",\"position\":2,\"name\":\"Ponuda\",\"item\":\"https:\/\/slomatex.com\/mk\/ponuda-masina\/\"},{\"@type\":\"ListItem\",\"position\":3,\"name\":\"D\u00fcrkopp Adler 261-140345-01\"}]},{\"@type\":\"WebSite\",\"@id\":\"https:\/\/slomatex.com\/mk\/#website\",\"url\":\"https:\/\/slomatex.com\/mk\/\",\"name\":\"Slomatex\",\"description\":\"\u0418\u043d\u0434\u0443\u0441\u0442\u0440\u0438\u0441\u043a\u0438 \u043c\u0430\u0448\u0438\u043d\u0438 \u0437\u0430 \u0448\u0438\u0435\u045a\u0435, \u0440\u0435\u0437\u0435\u0440\u0432\u043d\u0438 \u0434\u0435\u043b\u043e\u0432\u0438 \u0438 \u043f\u0440\u0438\u0431\u043e\u0440 \u0437\u0430 \u0442\u0435\u043a\u0441\u0442\u0438\u043b\u043d\u0430 \u0438 \u043a\u043e\u043d\u0444\u0435\u043a\u0446\u0438\u0441\u043a\u0430 \u0438\u043d\u0434\u0443\u0441\u0442\u0440\u0438\u0458\u0430\",\"publisher\":{\"@id\":\"https:\/\/slomatex.com\/mk\/#organization\"},\"potentialAction\":[{\"@type\":\"SearchAction\",\"target\":{\"@type\":\"EntryPoint\",\"urlTemplate\":\"https:\/\/slomatex.com\/mk\/?s={search_term_string}\"},\"query-input\":{\"@type\":\"PropertyValueSpecification\",\"valueRequired\":true,\"valueName\":\"search_term_string\"}}],\"inLanguage\":\"mk-MK\"},{\"@type\":\"Organization\",\"@id\":\"https:\/\/slomatex.com\/mk\/#organization\",\"name\":\"Slomatex d.o.o.\",\"url\":\"https:\/\/slomatex.com\/mk\/\",\"logo\":{\"@type\":\"ImageObject\",\"inLanguage\":\"mk-MK\",\"@id\":\"https:\/\/slomatex.com\/mk\/#\/schema\/logo\/image\/\",\"url\":\"https:\/\/slomatex.com\/wp-content\/uploads\/2022\/03\/logo-slomatex.png\",\"contentUrl\":\"https:\/\/slomatex.com\/wp-content\/uploads\/2022\/03\/logo-slomatex.png\",\"width\":340,\"height\":72,\"caption\":\"Slomatex d.o.o.\"},\"image\":{\"@id\":\"https:\/\/slomatex.com\/mk\/#\/schema\/logo\/image\/\"}}]}<\/script>\n<!-- \/ Yoast SEO plugin. -->","yoast_head_json":{"title":"D\u00fcrkopp Adler 261-140345-01 - Slomatex","robots":{"index":"index","follow":"follow","max-snippet":"max-snippet:-1","max-image-preview":"max-image-preview:large","max-video-preview":"max-video-preview:-1"},"canonical":"https:\/\/slomatex.com\/mk\/izdelek\/durkopp-adler-kl-261-140345-01\/","og_locale":"mk_MK","og_type":"article","og_title":"D\u00fcrkopp Adler 261-140345-01 - Slomatex","og_description":"\u0160iva\u010da ma\u0161ina sa donjim transportom","og_url":"https:\/\/slomatex.com\/mk\/izdelek\/durkopp-adler-kl-261-140345-01\/","og_site_name":"Slomatex","article_modified_time":"2024-03-21T14:04:32+00:00","og_image":[{"width":363,"height":242,"url":"https:\/\/slomatex.com\/wp-content\/uploads\/2022\/04\/Durkopp-Adler-Kl.-261-140345-01.jpg","type":"image\/jpeg"}],"twitter_card":"summary_large_image","schema":{"@context":"https:\/\/schema.org","@graph":[{"@type":"WebPage","@id":"https:\/\/slomatex.com\/mk\/izdelek\/durkopp-adler-kl-261-140345-01\/","url":"https:\/\/slomatex.com\/mk\/izdelek\/durkopp-adler-kl-261-140345-01\/","name":"D\u00fcrkopp Adler 261-140345-01 - Slomatex","isPartOf":{"@id":"https:\/\/slomatex.com\/mk\/#website"},"primaryImageOfPage":{"@id":"https:\/\/slomatex.com\/mk\/izdelek\/durkopp-adler-kl-261-140345-01\/#primaryimage"},"image":{"@id":"https:\/\/slomatex.com\/mk\/izdelek\/durkopp-adler-kl-261-140345-01\/#primaryimage"},"thumbnailUrl":"https:\/\/slomatex.com\/wp-content\/uploads\/2022\/04\/100.0-DA-261-140345-01.jpg","datePublished":"2022-04-07T08:15:39+00:00","dateModified":"2024-03-21T14:04:32+00:00","breadcrumb":{"@id":"https:\/\/slomatex.com\/mk\/izdelek\/durkopp-adler-kl-261-140345-01\/#breadcrumb"},"inLanguage":"mk-MK","potentialAction":[{"@type":"ReadAction","target":["https:\/\/slomatex.com\/mk\/izdelek\/durkopp-adler-kl-261-140345-01\/"]}]},{"@type":"ImageObject","inLanguage":"mk-MK","@id":"https:\/\/slomatex.com\/mk\/izdelek\/durkopp-adler-kl-261-140345-01\/#primaryimage","url":"https:\/\/slomatex.com\/wp-content\/uploads\/2022\/04\/100.0-DA-261-140345-01.jpg","contentUrl":"https:\/\/slomatex.com\/wp-content\/uploads\/2022\/04\/100.0-DA-261-140345-01.jpg","width":900,"height":675},{"@type":"BreadcrumbList","@id":"https:\/\/slomatex.com\/mk\/izdelek\/durkopp-adler-kl-261-140345-01\/#breadcrumb","itemListElement":[{"@type":"ListItem","position":1,"name":"Home","item":"https:\/\/slomatex.com\/mk\/"},{"@type":"ListItem","position":2,"name":"Ponuda","item":"https:\/\/slomatex.com\/mk\/ponuda-masina\/"},{"@type":"ListItem","position":3,"name":"D\u00fcrkopp Adler 261-140345-01"}]},{"@type":"WebSite","@id":"https:\/\/slomatex.com\/mk\/#website","url":"https:\/\/slomatex.com\/mk\/","name":"Slomatex","description":"\u0418\u043d\u0434\u0443\u0441\u0442\u0440\u0438\u0441\u043a\u0438 \u043c\u0430\u0448\u0438\u043d\u0438 \u0437\u0430 \u0448\u0438\u0435\u045a\u0435, \u0440\u0435\u0437\u0435\u0440\u0432\u043d\u0438 \u0434\u0435\u043b\u043e\u0432\u0438 \u0438 \u043f\u0440\u0438\u0431\u043e\u0440 \u0437\u0430 \u0442\u0435\u043a\u0441\u0442\u0438\u043b\u043d\u0430 \u0438 \u043a\u043e\u043d\u0444\u0435\u043a\u0446\u0438\u0441\u043a\u0430 \u0438\u043d\u0434\u0443\u0441\u0442\u0440\u0438\u0458\u0430","publisher":{"@id":"https:\/\/slomatex.com\/mk\/#organization"},"potentialAction":[{"@type":"SearchAction","target":{"@type":"EntryPoint","urlTemplate":"https:\/\/slomatex.com\/mk\/?s={search_term_string}"},"query-input":{"@type":"PropertyValueSpecification","valueRequired":true,"valueName":"search_term_string"}}],"inLanguage":"mk-MK"},{"@type":"Organization","@id":"https:\/\/slomatex.com\/mk\/#organization","name":"Slomatex d.o.o.","url":"https:\/\/slomatex.com\/mk\/","logo":{"@type":"ImageObject","inLanguage":"mk-MK","@id":"https:\/\/slomatex.com\/mk\/#\/schema\/logo\/image\/","url":"https:\/\/slomatex.com\/wp-content\/uploads\/2022\/03\/logo-slomatex.png","contentUrl":"https:\/\/slomatex.com\/wp-content\/uploads\/2022\/03\/logo-slomatex.png","width":340,"height":72,"caption":"Slomatex d.o.o."},"image":{"@id":"https:\/\/slomatex.com\/mk\/#\/schema\/logo\/image\/"}}]}},"_links":{"self":[{"href":"https:\/\/slomatex.com\/mk\/wp-json\/wp\/v2\/product\/3513","targetHints":{"allow":["GET"]}}],"collection":[{"href":"https:\/\/slomatex.com\/mk\/wp-json\/wp\/v2\/product"}],"about":[{"href":"https:\/\/slomatex.com\/mk\/wp-json\/wp\/v2\/types\/product"}],"wp:featuredmedia":[{"embeddable":true,"href":"https:\/\/slomatex.com\/mk\/wp-json\/wp\/v2\/media\/13991"}],"wp:attachment":[{"href":"https:\/\/slomatex.com\/mk\/wp-json\/wp\/v2\/media?parent=3513"}],"wp:term":[{"taxonomy":"product_brand","embeddable":true,"href":"https:\/\/slomatex.com\/mk\/wp-json\/wp\/v2\/product_brand?post=3513"},{"taxonomy":"product_cat","embeddable":true,"href":"https:\/\/slomatex.com\/mk\/wp-json\/wp\/v2\/product_cat?post=3513"},{"taxonomy":"product_tag","embeddable":true,"href":"https:\/\/slomatex.com\/mk\/wp-json\/wp\/v2\/product_tag?post=3513"}],"curies":[{"name":"wp","href":"https:\/\/api.w.org\/{rel}","templated":true}]}}